{"id":1411,"date":"2024-08-18T13:08:47","date_gmt":"2024-08-18T18:08:47","guid":{"rendered":"https:\/\/universalmarket.shop\/?page_id=1411"},"modified":"2024-08-18T13:31:18","modified_gmt":"2024-08-18T18:31:18","slug":"suscripcion-del-vendedor","status":"publish","type":"page","link":"https:\/\/universalmarket.shop\/index.php\/suscripcion-del-vendedor\/","title":{"rendered":"Suscripci\u00f3n del Vendedor"},"content":{"rendered":"\t\t<div data-elementor-type=\"wp-page\" data-elementor-id=\"1411\" class=\"elementor elementor-1411\" data-elementor-post-type=\"page\">\n\t\t\t\t\t\t<section data-particle_enable=\"false\" data-particle-mobile-disabled=\"false\" class=\"elementor-section elementor-top-section elementor-element elementor-element-53e23a7 elementor-section-boxed elementor-section-height-default elementor-section-height-default\" data-id=\"53e23a7\" data-element_type=\"section\">\n\t\t\t\t\t\t<div class=\"elementor-container elementor-column-gap-default\">\n\t\t\t\t\t<div class=\"elementor-column elementor-col-50 elementor-top-column elementor-element elementor-element-afc11dd\" data-id=\"afc11dd\" data-element_type=\"column\">\n\t\t\t<div class=\"elementor-widget-wrap elementor-element-populated\">\n\t\t\t\t\t\t<div class=\"elementor-element elementor-element-d58ba45 elementor-widget elementor-widget-image\" data-id=\"d58ba45\" data-element_type=\"widget\" data-widget_type=\"image.default\">\n\t\t\t\t<div class=\"elementor-widget-container\">\n\t\t\t\t\t\t\t\t\t\t\t\t\t\t\t<img fetchpriority=\"high\" decoding=\"async\" width=\"800\" height=\"355\" src=\"https:\/\/universalmarket.shop\/wp-content\/uploads\/2022\/10\/universal-market-logo-c-1024x455.png\" class=\"attachment-large size-large wp-image-641\" alt=\"\" srcset=\"https:\/\/universalmarket.shop\/wp-content\/uploads\/2022\/10\/universal-market-logo-c-1024x455.png 1024w, https:\/\/universalmarket.shop\/wp-content\/uploads\/2022\/10\/universal-market-logo-c-300x133.png 300w, https:\/\/universalmarket.shop\/wp-content\/uploads\/2022\/10\/universal-market-logo-c-768x341.png 768w, https:\/\/universalmarket.shop\/wp-content\/uploads\/2022\/10\/universal-market-logo-c-1536x683.png 1536w, https:\/\/universalmarket.shop\/wp-content\/uploads\/2022\/10\/universal-market-logo-c-2048x911.png 2048w, https:\/\/universalmarket.shop\/wp-content\/uploads\/2022\/10\/universal-market-logo-c-1320x587.png 1320w, https:\/\/universalmarket.shop\/wp-content\/uploads\/2022\/10\/universal-market-logo-c-600x267.png 600w\" sizes=\"(max-width: 800px) 100vw, 800px\" \/>\t\t\t\t\t\t\t\t\t\t\t\t\t\t\t<\/div>\n\t\t\t\t<\/div>\n\t\t\t\t<div class=\"elementor-element elementor-element-400f727 elementor-widget elementor-widget-text-editor\" data-id=\"400f727\" data-element_type=\"widget\" data-widget_type=\"text-editor.default\">\n\t\t\t\t<div class=\"elementor-widget-container\">\n\t\t\t\t\t\t\t\t\t<p>Bienvenido (a) a la plataforma m\u00e1s amigable para vender a clientes potenciales, administrar inventarios y reportes de venta.<\/p>\t\t\t\t\t\t\t\t<\/div>\n\t\t\t\t<\/div>\n\t\t\t\t<div class=\"elementor-element elementor-element-ee9604f elementor-widget elementor-widget-accordion\" data-id=\"ee9604f\" data-element_type=\"widget\" data-widget_type=\"accordion.default\">\n\t\t\t\t<div class=\"elementor-widget-container\">\n\t\t\t\t\t\t\t<div class=\"elementor-accordion\">\n\t\t\t\t\t\t\t<div class=\"elementor-accordion-item\">\n\t\t\t\t\t<div id=\"elementor-tab-title-2501\" class=\"elementor-tab-title\" data-tab=\"1\" role=\"button\" aria-controls=\"elementor-tab-content-2501\" aria-expanded=\"false\">\n\t\t\t\t\t\t\t\t\t\t\t\t\t<span class=\"elementor-accordion-icon elementor-accordion-icon-left\" aria-hidden=\"true\">\n\t\t\t\t\t\t\t\t\t\t\t\t\t\t\t<span class=\"elementor-accordion-icon-closed\"><i class=\"fas fa-plus\"><\/i><\/span>\n\t\t\t\t\t\t\t\t<span class=\"elementor-accordion-icon-opened\"><i class=\"fas fa-minus\"><\/i><\/span>\n\t\t\t\t\t\t\t\t\t\t\t\t\t\t<\/span>\n\t\t\t\t\t\t\t\t\t\t\t\t<a class=\"elementor-accordion-title\" tabindex=\"0\">\u00bfQu\u00e9 te ofrecemos?<\/a>\n\t\t\t\t\t<\/div>\n\t\t\t\t\t<div id=\"elementor-tab-content-2501\" class=\"elementor-tab-content elementor-clearfix\" data-tab=\"1\" role=\"region\" aria-labelledby=\"elementor-tab-title-2501\"><ul><li>Tener tu propia plataforma de ventas E-Commerce, sin que tengas que invertir en una. Universal Market ya hizo esta inversi\u00f3n por ti.<\/li><li>Obtendr\u00e1s tu propia cuenta como Proveedor, y podr\u00e1s administrar y actualizar tus inventarios de la manera m\u00e1s sencilla, pr\u00e1ctica y eficaz para ti.<\/li><li>Tendr\u00e1s tu inventario automatizado, y solo tendr\u00e1s que actualizarlo cuando sea necesario.<\/li><li>\u00bfDeseas incrementar tus ventas?. \u00a1\u00c9sta es la oportunidad!, ya que tambi\u00e9n podr\u00e1s ofrecer ventas de tus productos AL MAYOREO.<\/li><li>En tu cuenta personal, obtendr\u00e1s reportes tanto de tus ventas, productos entregados, devoluciones, pagos de Universal Market y m\u00e1s.<\/li><li>Adem\u00e1s podr\u00e1s postear todas tus promociones y ofertas cuantas veces lo necesites sin ning\u00fan costo adicional<\/li><li>Universal Market crear\u00e1 y pagar\u00e1 publicidad adicional cada mes para anunciar la plataforma y la gran variedad de productos que ofrece, y as\u00ed podr\u00e1s llegar a miles de clientes potenciales que a\u00fan no conocen tu marca o tus productos.<\/li><\/ul><\/div>\n\t\t\t\t<\/div>\n\t\t\t\t\t\t\t<div class=\"elementor-accordion-item\">\n\t\t\t\t\t<div id=\"elementor-tab-title-2502\" class=\"elementor-tab-title\" data-tab=\"2\" role=\"button\" aria-controls=\"elementor-tab-content-2502\" aria-expanded=\"false\">\n\t\t\t\t\t\t\t\t\t\t\t\t\t<span class=\"elementor-accordion-icon elementor-accordion-icon-left\" aria-hidden=\"true\">\n\t\t\t\t\t\t\t\t\t\t\t\t\t\t\t<span class=\"elementor-accordion-icon-closed\"><i class=\"fas fa-plus\"><\/i><\/span>\n\t\t\t\t\t\t\t\t<span class=\"elementor-accordion-icon-opened\"><i class=\"fas fa-minus\"><\/i><\/span>\n\t\t\t\t\t\t\t\t\t\t\t\t\t\t<\/span>\n\t\t\t\t\t\t\t\t\t\t\t\t<a class=\"elementor-accordion-title\" tabindex=\"0\">\u00bfCU\u00c1L ES EL PROCESO DE INSCRIPCI\u00d3N?<\/a>\n\t\t\t\t\t<\/div>\n\t\t\t\t\t<div id=\"elementor-tab-content-2502\" class=\"elementor-tab-content elementor-clearfix\" data-tab=\"2\" role=\"region\" aria-labelledby=\"elementor-tab-title-2502\"><div><div>Muy bien, es muy f\u00e1cil:<\/div><div>\u00a0<\/div><div>1. Llena y env\u00eda el formulario de la derecha. Aseg\u00farate de llenar los campos, ya que es muy importante que validemos esa informaci\u00f3n.<\/div><div>\u00a0<\/div><div>2. Nuestro equipo validar\u00e1 tus datos, la o las redes sociales y publicidad que manejas, ubicaci\u00f3n de tu comercio y fotos de tus productos. Este paso es muy relevante, ya que estamos comprometidos con los clientes y tengan acceso a comercios serios, confiables y que ofrezcan productos de alta calidad y trabajen con\u00a0 excelencia. De 2 a 3 d\u00edas responderemos tu correo con el resultado de la validaci\u00f3n.<\/div><div>\u00a0<\/div><div>3. Una vez validado y aceptado, en ese correo te enviaremos tambi\u00e9n un link de pago de inscripci\u00f3n a tu tienda en l\u00ednea.<\/div><div>\u00a0<\/div><div>4. En otro correo, te enviaremos el contrato comercial entre ambas partes para colectar tu firma.<\/div><div>\u00a0<\/div><div>5. Al nosotros recibir tu pago y el contrato firmado; te enviaremos el correo con una carta de bienvenida, y un link que te permita crear tu cuenta como comercio\/vendedor y un video tutorial a efecto de que puedas dar de alta tu informaci\u00f3n, gestiones tu inventario de productos y precios, subas publicidad, promociones, avisos y todo lo necesario para ser visible ante miles de clientes que necesitan de tus productos.<\/div><div>\u00a0<\/div><div>Por supuesto, siempre contar\u00e1s con el apoyo del Coordinador de negocios asignado.<\/div><div>\u00a0<\/div><div>\u00a1\u00a1\u00a1Y Listo!!! Comenzar\u00e1s a trabajar, gestionar y vender desde tu tienda virtual.<\/div><\/div><div>\u00a0<\/div><\/div>\n\t\t\t\t<\/div>\n\t\t\t\t\t\t\t\t<\/div>\n\t\t\t\t\t\t<\/div>\n\t\t\t\t<\/div>\n\t\t\t\t<div class=\"elementor-element elementor-element-db6c32e elementor-align-center elementor-widget elementor-widget-button\" data-id=\"db6c32e\" data-element_type=\"widget\" data-widget_type=\"button.default\">\n\t\t\t\t<div class=\"elementor-widget-container\">\n\t\t\t\t\t\t\t\t\t<div class=\"elementor-button-wrapper\">\n\t\t\t\t\t<a class=\"elementor-button elementor-button-link elementor-size-sm\" href=\"https:\/\/universalmarket.shop\/index.php\/deseo-vender\/\">\n\t\t\t\t\t\t<span class=\"elementor-button-content-wrapper\">\n\t\t\t\t\t\t\t\t\t<span class=\"elementor-button-text\">Ver los planes de suscripci\u00f3n<\/span>\n\t\t\t\t\t<\/span>\n\t\t\t\t\t<\/a>\n\t\t\t\t<\/div>\n\t\t\t\t\t\t\t\t<\/div>\n\t\t\t\t<\/div>\n\t\t\t\t\t<\/div>\n\t\t<\/div>\n\t\t\t\t<div class=\"elementor-column elementor-col-50 elementor-top-column elementor-element elementor-element-3eea141\" data-id=\"3eea141\" data-element_type=\"column\">\n\t\t\t<div class=\"elementor-widget-wrap elementor-element-populated\">\n\t\t\t\t\t\t<div class=\"elementor-element elementor-element-7839b13 elementor-widget elementor-widget-heading\" data-id=\"7839b13\" data-element_type=\"widget\" data-widget_type=\"heading.default\">\n\t\t\t\t<div class=\"elementor-widget-container\">\n\t\t\t\t\t<h2 class=\"elementor-heading-title elementor-size-default\">Quiero ser vendedor<\/h2>\t\t\t\t<\/div>\n\t\t\t\t<\/div>\n\t\t\t\t<div class=\"elementor-element elementor-element-cf71fb1 elementor-widget elementor-widget-shortcode\" data-id=\"cf71fb1\" data-element_type=\"widget\" data-widget_type=\"shortcode.default\">\n\t\t\t\t<div class=\"elementor-widget-container\">\n\t\t\t\t\t\t\t<div class=\"elementor-shortcode\"><div id=\"wcfm-main-contentainer\"> <div id=\"wcfm-content\"><div class=\"wcfm-membership-wrapper\"> <\/div><\/div><\/div><\/div>\n\t\t\t\t\t\t<\/div>\n\t\t\t\t<\/div>\n\t\t\t\t<div class=\"elementor-element elementor-element-0580196 elementor-hidden-desktop elementor-hidden-tablet elementor-hidden-mobile elementor-button-align-stretch elementor-widget elementor-widget-form\" data-id=\"0580196\" data-element_type=\"widget\" data-settings=\"{&quot;step_next_label&quot;:&quot;Next&quot;,&quot;step_previous_label&quot;:&quot;Previous&quot;,&quot;button_width&quot;:&quot;100&quot;,&quot;step_type&quot;:&quot;number_text&quot;,&quot;step_icon_shape&quot;:&quot;circle&quot;}\" data-widget_type=\"form.default\">\n\t\t\t\t<div class=\"elementor-widget-container\">\n\t\t\t\t\t\t\t<form class=\"elementor-form\" method=\"post\" name=\"Vendedor\" aria-label=\"Vendedor\" novalidate=\"\">\n\t\t\t<input type=\"hidden\" name=\"post_id\" value=\"1411\"\/>\n\t\t\t<input type=\"hidden\" name=\"form_id\" value=\"0580196\"\/>\n\t\t\t<input type=\"hidden\" name=\"referer_title\" value=\"Suscripci\u00f3n del Vendedor - Universal Market\" \/>\n\n\t\t\t\t\t\t\t<input type=\"hidden\" name=\"queried_id\" value=\"1411\"\/>\n\t\t\t\n\t\t\t<div class=\"elementor-form-fields-wrapper elementor-labels-\">\n\t\t\t\t\t\t\t\t<div class=\"elementor-field-type-text elementor-field-group elementor-column elementor-field-group-name elementor-col-50 elementor-field-required\">\n\t\t\t\t\t\t\t\t\t\t\t\t<label for=\"form-field-name\" class=\"elementor-field-label elementor-screen-only\">\n\t\t\t\t\t\t\t\tName\t\t\t\t\t\t\t<\/label>\n\t\t\t\t\t\t\t\t\t\t\t\t\t\t<input size=\"1\" type=\"text\" name=\"form_fields[name]\" id=\"form-field-name\" class=\"elementor-field elementor-size-sm  elementor-field-textual\" placeholder=\"Nombre\" required=\"required\">\n\t\t\t\t\t\t\t\t\t\t\t<\/div>\n\t\t\t\t\t\t\t\t<div class=\"elementor-field-type-text elementor-field-group elementor-column elementor-field-group-field_7c90fa2 elementor-col-50 elementor-field-required\">\n\t\t\t\t\t\t\t\t\t\t\t\t<label for=\"form-field-field_7c90fa2\" class=\"elementor-field-label elementor-screen-only\">\n\t\t\t\t\t\t\t\tLastName\t\t\t\t\t\t\t<\/label>\n\t\t\t\t\t\t\t\t\t\t\t\t\t\t<input size=\"1\" type=\"text\" name=\"form_fields[field_7c90fa2]\" id=\"form-field-field_7c90fa2\" class=\"elementor-field elementor-size-sm  elementor-field-textual\" placeholder=\"Apellidos\" required=\"required\">\n\t\t\t\t\t\t\t\t\t\t\t<\/div>\n\t\t\t\t\t\t\t\t<div class=\"elementor-field-type-email elementor-field-group elementor-column elementor-field-group-email elementor-col-50 elementor-field-required\">\n\t\t\t\t\t\t\t\t\t\t\t\t<label for=\"form-field-email\" class=\"elementor-field-label elementor-screen-only\">\n\t\t\t\t\t\t\t\tEmail\t\t\t\t\t\t\t<\/label>\n\t\t\t\t\t\t\t\t\t\t\t\t\t\t<input size=\"1\" type=\"email\" name=\"form_fields[email]\" id=\"form-field-email\" class=\"elementor-field elementor-size-sm  elementor-field-textual\" placeholder=\"Email\" required=\"required\">\n\t\t\t\t\t\t\t\t\t\t\t<\/div>\n\t\t\t\t\t\t\t\t<div class=\"elementor-field-type-tel elementor-field-group elementor-column elementor-field-group-field_11b459c elementor-col-50 elementor-field-required\">\n\t\t\t\t\t\t\t\t\t\t\t\t<label for=\"form-field-field_11b459c\" class=\"elementor-field-label elementor-screen-only\">\n\t\t\t\t\t\t\t\tCel\t\t\t\t\t\t\t<\/label>\n\t\t\t\t\t\t\t\t<input size=\"1\" type=\"tel\" name=\"form_fields[field_11b459c]\" id=\"form-field-field_11b459c\" class=\"elementor-field elementor-size-sm  elementor-field-textual\" placeholder=\"Cel: (lada) XXX XXX XXXX\" required=\"required\" pattern=\"[0-9()#&amp;+*-=.]+\" title=\"Only numbers and phone characters (#, -, *, etc) are accepted.\">\n\n\t\t\t\t\t\t<\/div>\n\t\t\t\t\t\t\t\t<div class=\"elementor-field-type-text elementor-field-group elementor-column elementor-field-group-field_ede5105 elementor-col-33 elementor-field-required\">\n\t\t\t\t\t\t\t\t\t\t\t\t<label for=\"form-field-field_ede5105\" class=\"elementor-field-label elementor-screen-only\">\n\t\t\t\t\t\t\t\tPa\u00eds \t\t\t\t\t\t\t<\/label>\n\t\t\t\t\t\t\t\t\t\t\t\t\t\t<input size=\"1\" type=\"text\" name=\"form_fields[field_ede5105]\" id=\"form-field-field_ede5105\" class=\"elementor-field elementor-size-sm  elementor-field-textual\" placeholder=\"Pa\u00eds\" required=\"required\">\n\t\t\t\t\t\t\t\t\t\t\t<\/div>\n\t\t\t\t\t\t\t\t<div class=\"elementor-field-type-text elementor-field-group elementor-column elementor-field-group-field_b4e6712 elementor-col-33 elementor-field-required\">\n\t\t\t\t\t\t\t\t\t\t\t\t<label for=\"form-field-field_b4e6712\" class=\"elementor-field-label elementor-screen-only\">\n\t\t\t\t\t\t\t\tEstado\t\t\t\t\t\t\t<\/label>\n\t\t\t\t\t\t\t\t\t\t\t\t\t\t<input size=\"1\" type=\"text\" name=\"form_fields[field_b4e6712]\" id=\"form-field-field_b4e6712\" class=\"elementor-field elementor-size-sm  elementor-field-textual\" placeholder=\"Estado\" required=\"required\">\n\t\t\t\t\t\t\t\t\t\t\t<\/div>\n\t\t\t\t\t\t\t\t<div class=\"elementor-field-type-text elementor-field-group elementor-column elementor-field-group-field_06bf32b elementor-col-33 elementor-field-required\">\n\t\t\t\t\t\t\t\t\t\t\t\t<label for=\"form-field-field_06bf32b\" class=\"elementor-field-label elementor-screen-only\">\n\t\t\t\t\t\t\t\tCiudad\t\t\t\t\t\t\t<\/label>\n\t\t\t\t\t\t\t\t\t\t\t\t\t\t<input size=\"1\" type=\"text\" name=\"form_fields[field_06bf32b]\" id=\"form-field-field_06bf32b\" class=\"elementor-field elementor-size-sm  elementor-field-textual\" placeholder=\"Ciudad\" required=\"required\">\n\t\t\t\t\t\t\t\t\t\t\t<\/div>\n\t\t\t\t\t\t\t\t<div class=\"elementor-field-type-text elementor-field-group elementor-column elementor-field-group-field_3bbaef2 elementor-col-33 elementor-field-required\">\n\t\t\t\t\t\t\t\t\t\t\t\t<label for=\"form-field-field_3bbaef2\" class=\"elementor-field-label elementor-screen-only\">\n\t\t\t\t\t\t\t\tC\u00f3digo Postal\t\t\t\t\t\t\t<\/label>\n\t\t\t\t\t\t\t\t\t\t\t\t\t\t<input size=\"1\" type=\"text\" name=\"form_fields[field_3bbaef2]\" id=\"form-field-field_3bbaef2\" class=\"elementor-field elementor-size-sm  elementor-field-textual\" placeholder=\"C\u00f3digo Postal\" required=\"required\">\n\t\t\t\t\t\t\t\t\t\t\t<\/div>\n\t\t\t\t\t\t\t\t<div class=\"elementor-field-type-text elementor-field-group elementor-column elementor-field-group-field_19846cf elementor-col-66 elementor-field-required\">\n\t\t\t\t\t\t\t\t\t\t\t\t<label for=\"form-field-field_19846cf\" class=\"elementor-field-label elementor-screen-only\">\n\t\t\t\t\t\t\t\tRFC\t\t\t\t\t\t\t<\/label>\n\t\t\t\t\t\t\t\t\t\t\t\t\t\t<input size=\"1\" type=\"text\" name=\"form_fields[field_19846cf]\" id=\"form-field-field_19846cf\" class=\"elementor-field elementor-size-sm  elementor-field-textual\" placeholder=\"RFC\" required=\"required\">\n\t\t\t\t\t\t\t\t\t\t\t<\/div>\n\t\t\t\t\t\t\t\t<div class=\"elementor-field-type-text elementor-field-group elementor-column elementor-field-group-field_5e912cf elementor-col-100 elementor-field-required\">\n\t\t\t\t\t\t\t\t\t\t\t\t<label for=\"form-field-field_5e912cf\" class=\"elementor-field-label elementor-screen-only\">\n\t\t\t\t\t\t\t\tGiro\t\t\t\t\t\t\t<\/label>\n\t\t\t\t\t\t\t\t\t\t\t\t\t\t<input size=\"1\" type=\"text\" name=\"form_fields[field_5e912cf]\" id=\"form-field-field_5e912cf\" class=\"elementor-field elementor-size-sm  elementor-field-textual\" placeholder=\"Giro comercial\" required=\"required\">\n\t\t\t\t\t\t\t\t\t\t\t<\/div>\n\t\t\t\t\t\t\t\t<div class=\"elementor-field-type-text elementor-field-group elementor-column elementor-field-group-field_f8f0f7b elementor-col-100\">\n\t\t\t\t\t\t\t\t\t\t\t\t<label for=\"form-field-field_f8f0f7b\" class=\"elementor-field-label elementor-screen-only\">\n\t\t\t\t\t\t\t\tURL LinkedIn\t\t\t\t\t\t\t<\/label>\n\t\t\t\t\t\t\t\t\t\t\t\t\t\t<input size=\"1\" type=\"text\" name=\"form_fields[field_f8f0f7b]\" id=\"form-field-field_f8f0f7b\" class=\"elementor-field elementor-size-sm  elementor-field-textual\" placeholder=\"URL LinkedIn\">\n\t\t\t\t\t\t\t\t\t\t\t<\/div>\n\t\t\t\t\t\t\t\t<div class=\"elementor-field-type-text elementor-field-group elementor-column elementor-field-group-field_28373f9 elementor-col-100\">\n\t\t\t\t\t\t\t\t\t\t\t\t<label for=\"form-field-field_28373f9\" class=\"elementor-field-label elementor-screen-only\">\n\t\t\t\t\t\t\t\tURL Twitter\t\t\t\t\t\t\t<\/label>\n\t\t\t\t\t\t\t\t\t\t\t\t\t\t<input size=\"1\" type=\"text\" name=\"form_fields[field_28373f9]\" id=\"form-field-field_28373f9\" class=\"elementor-field elementor-size-sm  elementor-field-textual\" placeholder=\"URL Twitter\">\n\t\t\t\t\t\t\t\t\t\t\t<\/div>\n\t\t\t\t\t\t\t\t<div class=\"elementor-field-type-text elementor-field-group elementor-column elementor-field-group-field_446be52 elementor-col-100\">\n\t\t\t\t\t\t\t\t\t\t\t\t<label for=\"form-field-field_446be52\" class=\"elementor-field-label elementor-screen-only\">\n\t\t\t\t\t\t\t\tURL Facebook\t\t\t\t\t\t\t<\/label>\n\t\t\t\t\t\t\t\t\t\t\t\t\t\t<input size=\"1\" type=\"text\" name=\"form_fields[field_446be52]\" id=\"form-field-field_446be52\" class=\"elementor-field elementor-size-sm  elementor-field-textual\" placeholder=\"URL Facebook\">\n\t\t\t\t\t\t\t\t\t\t\t<\/div>\n\t\t\t\t\t\t\t\t<div class=\"elementor-field-type-text elementor-field-group elementor-column elementor-field-group-field_721d603 elementor-col-100\">\n\t\t\t\t\t\t\t\t\t\t\t\t<label for=\"form-field-field_721d603\" class=\"elementor-field-label elementor-screen-only\">\n\t\t\t\t\t\t\t\tURL Instagram\t\t\t\t\t\t\t<\/label>\n\t\t\t\t\t\t\t\t\t\t\t\t\t\t<input size=\"1\" type=\"text\" name=\"form_fields[field_721d603]\" id=\"form-field-field_721d603\" class=\"elementor-field elementor-size-sm  elementor-field-textual\" placeholder=\"URL Instagram\">\n\t\t\t\t\t\t\t\t\t\t\t<\/div>\n\t\t\t\t\t\t\t\t<div class=\"elementor-field-type-html elementor-field-group elementor-column elementor-field-group-field_32c5156 elementor-col-100\">\n\t\t\t\t\tSubir catalogo o Fotos de productos (Max 5)\t\t\t\t<\/div>\n\t\t\t\t\t\t\t\t<div class=\"elementor-field-type-upload elementor-field-group elementor-column elementor-field-group-field_83fcbe6 elementor-col-100 elementor-field-required\">\n\t\t\t\t\t\t\t\t\t\t\t\t<label for=\"form-field-field_83fcbe6\" class=\"elementor-field-label elementor-screen-only\">\n\t\t\t\t\t\t\t\tProductos\t\t\t\t\t\t\t<\/label>\n\t\t\t\t\t\t\t\t<input type=\"file\" name=\"form_fields[field_83fcbe6][]\" id=\"form-field-field_83fcbe6\" class=\"elementor-field elementor-size-sm  elementor-upload-field\" required=\"required\" multiple=\"multiple\">\n\n\t\t\t\t\t\t<\/div>\n\t\t\t\t\t\t\t\t<div class=\"elementor-field-type-textarea elementor-field-group elementor-column elementor-field-group-message elementor-col-100\">\n\t\t\t\t\t\t\t\t\t\t\t\t<label for=\"form-field-message\" class=\"elementor-field-label elementor-screen-only\">\n\t\t\t\t\t\t\t\tMessage\t\t\t\t\t\t\t<\/label>\n\t\t\t\t\t\t<textarea class=\"elementor-field-textual elementor-field  elementor-size-sm\" name=\"form_fields[message]\" id=\"form-field-message\" rows=\"4\" placeholder=\"Cu\u00e9ntanos que vendes\"><\/textarea>\t\t\t\t<\/div>\n\t\t\t\t\t\t\t\t<div class=\"elementor-field-type-recaptcha_v3 elementor-field-group elementor-column elementor-field-group-field_588e89d elementor-col-100 recaptcha_v3-inline\">\n\t\t\t\t\t<div class=\"elementor-field\" id=\"form-field-field_588e89d\"><div class=\"elementor-g-recaptcha\" data-sitekey=\"6LfyKOolAAAAAKhj9y9nTXUlmIQ9akDnM0_pZvtn\" data-type=\"v3\" data-action=\"Form\" data-badge=\"inline\" data-size=\"invisible\"><\/div><\/div>\t\t\t\t<\/div>\n\t\t\t\t\t\t\t\t<div class=\"elementor-field-type-html elementor-field-group elementor-column elementor-field-group-field_b84a107 elementor-col-100\">\n\t\t\t\t\tSeleccione el plan que desea\t\t\t\t<\/div>\n\t\t\t\t\t\t\t\t<div class=\"elementor-field-type-select elementor-field-group elementor-column elementor-field-group-field_02dbf9a elementor-col-100 elementor-field-required\">\n\t\t\t\t\t\t\t\t\t\t\t\t<label for=\"form-field-field_02dbf9a\" class=\"elementor-field-label elementor-screen-only\">\n\t\t\t\t\t\t\t\tPlan vendedor\t\t\t\t\t\t\t<\/label>\n\t\t\t\t\t\t\t\t<div class=\"elementor-field elementor-select-wrapper remove-before \">\n\t\t\t<div class=\"select-caret-down-wrapper\">\n\t\t\t\t<i aria-hidden=\"true\" class=\"eicon-caret-down\"><\/i>\t\t\t<\/div>\n\t\t\t<select name=\"form_fields[field_02dbf9a]\" id=\"form-field-field_02dbf9a\" class=\"elementor-field-textual elementor-size-sm\" required=\"required\">\n\t\t\t\t\t\t\t\t\t<option value=\"Solo suscripci\u00f3n Plan Vendedor\">Solo suscripci\u00f3n Plan Vendedor<\/option>\n\t\t\t\t\t\t\t\t\t<option value=\"Plan Vendedor Paquete B\u00e1sico\">Plan Vendedor Paquete B\u00e1sico<\/option>\n\t\t\t\t\t\t\t\t\t<option value=\"Plan Vendedor Paquete Profesional\">Plan Vendedor Paquete Profesional<\/option>\n\t\t\t\t\t\t\t\t\t<option value=\"Plan Vendedor Paquete Profesional Plus\">Plan Vendedor Paquete Profesional Plus<\/option>\n\t\t\t\t\t\t\t\t\t<option value=\"Plan Vendedor Paquete Premium\">Plan Vendedor Paquete Premium<\/option>\n\t\t\t\t\t\t\t<\/select>\n\t\t<\/div>\n\t\t\t\t\t\t<\/div>\n\t\t\t\t\t\t\t\t<div class=\"elementor-field-group elementor-column elementor-field-type-submit elementor-col-100 e-form__buttons\">\n\t\t\t\t\t<button class=\"elementor-button elementor-size-sm\" type=\"submit\">\n\t\t\t\t\t\t<span class=\"elementor-button-content-wrapper\">\n\t\t\t\t\t\t\t\t\t\t\t\t\t\t\t\t\t\t\t\t\t\t<span class=\"elementor-button-text\">Enviar<\/span>\n\t\t\t\t\t\t\t\t\t\t\t\t\t<\/span>\n\t\t\t\t\t<\/button>\n\t\t\t\t<\/div>\n\t\t\t<\/div>\n\t\t<\/form>\n\t\t\t\t\t\t<\/div>\n\t\t\t\t<\/div>\n\t\t\t\t\t<\/div>\n\t\t<\/div>\n\t\t\t\t\t<\/div>\n\t\t<\/section>\n\t\t\t\t<\/div>\n\t\t","protected":false},"excerpt":{"rendered":"<p>Bienvenido (a) a la plataforma m\u00e1s amigable para vender a clientes potenciales, administrar inventarios y reportes de venta. \u00bfQu\u00e9 te ofrecemos? Tener tu propia plataforma de ventas E-Commerce, sin que tengas que invertir en una. Universal Market ya hizo esta inversi\u00f3n por ti. Obtendr\u00e1s tu propia cuenta como Proveedor, y podr\u00e1s administrar y actualizar tus [&hellip;]<\/p>\n","protected":false},"author":1,"featured_media":0,"parent":0,"menu_order":0,"comment_status":"closed","ping_status":"closed","template":"","meta":{"om_disable_all_campaigns":false,"_monsterinsights_skip_tracking":false,"_monsterinsights_sitenote_active":false,"_monsterinsights_sitenote_note":"","_monsterinsights_sitenote_category":0,"_uf_show_specific_survey":0,"_uf_disable_surveys":false,"footnotes":""},"class_list":["post-1411","page","type-page","status-publish","hentry"],"aioseo_notices":[],"_links":{"self":[{"href":"https:\/\/universalmarket.shop\/index.php\/wp-json\/wp\/v2\/pages\/1411","targetHints":{"allow":["GET"]}}],"collection":[{"href":"https:\/\/universalmarket.shop\/index.php\/wp-json\/wp\/v2\/pages"}],"about":[{"href":"https:\/\/universalmarket.shop\/index.php\/wp-json\/wp\/v2\/types\/page"}],"author":[{"embeddable":true,"href":"https:\/\/universalmarket.shop\/index.php\/wp-json\/wp\/v2\/users\/1"}],"replies":[{"embeddable":true,"href":"https:\/\/universalmarket.shop\/index.php\/wp-json\/wp\/v2\/comments?post=1411"}],"version-history":[{"count":7,"href":"https:\/\/universalmarket.shop\/index.php\/wp-json\/wp\/v2\/pages\/1411\/revisions"}],"predecessor-version":[{"id":1423,"href":"https:\/\/universalmarket.shop\/index.php\/wp-json\/wp\/v2\/pages\/1411\/revisions\/1423"}],"wp:attachment":[{"href":"https:\/\/universalmarket.shop\/index.php\/wp-json\/wp\/v2\/media?parent=1411"}],"curies":[{"name":"wp","href":"https:\/\/api.w.org\/{rel}","templated":true}]}}