{"id":2019,"date":"2025-10-15T22:19:05","date_gmt":"2025-10-16T03:19:05","guid":{"rendered":"https:\/\/universalmarket.shop\/?page_id=2019"},"modified":"2025-11-25T17:10:28","modified_gmt":"2025-11-25T22:10:28","slug":"termometro","status":"publish","type":"page","link":"https:\/\/universalmarket.shop\/index.php\/termometro\/","title":{"rendered":"Termometro"},"content":{"rendered":"\t\t<div data-elementor-type=\"wp-page\" data-elementor-id=\"2019\" class=\"elementor elementor-2019\" data-elementor-post-type=\"page\">\n\t\t\t\t\t\t<section data-particle_enable=\"false\" data-particle-mobile-disabled=\"false\" class=\"elementor-section elementor-top-section elementor-element elementor-element-e6114c8 elementor-section-boxed elementor-section-height-default elementor-section-height-default\" data-id=\"e6114c8\" data-element_type=\"section\">\n\t\t\t\t\t\t<div class=\"elementor-container elementor-column-gap-default\">\n\t\t\t\t\t<div class=\"elementor-column elementor-col-100 elementor-top-column elementor-element elementor-element-9147564\" data-id=\"9147564\" data-element_type=\"column\">\n\t\t\t<div class=\"elementor-widget-wrap elementor-element-populated\">\n\t\t\t\t\t\t<div class=\"elementor-element elementor-element-dbc90ea elementor-widget elementor-widget-heading\" data-id=\"dbc90ea\" data-element_type=\"widget\" data-widget_type=\"heading.default\">\n\t\t\t\t<div class=\"elementor-widget-container\">\n\t\t\t\t\t<h2 class=\"elementor-heading-title elementor-size-default\">TERM\u00d3METRO UNIVERSAL MARKET: MIDE TU \u00c9XITO HOY<\/h2>\t\t\t\t<\/div>\n\t\t\t\t<\/div>\n\t\t\t\t<section data-particle_enable=\"false\" data-particle-mobile-disabled=\"false\" class=\"elementor-section elementor-inner-section elementor-element elementor-element-370436f elementor-section-boxed elementor-section-height-default elementor-section-height-default\" data-id=\"370436f\" data-element_type=\"section\">\n\t\t\t\t\t\t<div class=\"elementor-container elementor-column-gap-default\">\n\t\t\t\t\t<div class=\"elementor-column elementor-col-50 elementor-inner-column elementor-element elementor-element-5fb2496\" data-id=\"5fb2496\" data-element_type=\"column\">\n\t\t\t<div class=\"elementor-widget-wrap elementor-element-populated\">\n\t\t\t\t\t\t<div class=\"elementor-element elementor-element-2e53ba8 elementor-widget elementor-widget-text-editor\" data-id=\"2e53ba8\" data-element_type=\"widget\" data-widget_type=\"text-editor.default\">\n\t\t\t\t<div class=\"elementor-widget-container\">\n\t\t\t\t\t\t\t\t\t<p><strong>DEJA DE INTENTAR. EMPIEZA A VENDER.<\/strong><\/p><p>\u00bfCansado de estrategias digitales que no funcionan? La clave para dominar el mercado no es solo tener una web o una tienda; es que funcionen con la precisi\u00f3n de un reloj suizo.<\/p><p>En Universal Market, hemos eliminado el costoso prueba y error al integrar la Neurociencia del Comportamiento de Compra, la Inteligencia Artificial de \u00faltima generaci\u00f3n, el Branding de alto impacto y las Estrategias Comerciales m\u00e1s efectivas en cada uno de nuestros paquetes.<\/p><p>Hemos hecho todo el trabajo pesado por ti: hemos dise\u00f1ado un ecosistema digital llave en mano (directorio de profesionales, tiendas en l\u00ednea y soluciones IA) para que tu negocio simplemente venda.<\/p><p>Descubre en segundos tu nivel de riesgo y toma acci\u00f3n inmediata. La decisi\u00f3n de escalar o desaparecer es tuya.<\/p>\t\t\t\t\t\t\t\t<\/div>\n\t\t\t\t<\/div>\n\t\t\t\t<div class=\"elementor-element elementor-element-59414e5 elementor-widget elementor-widget-heading\" data-id=\"59414e5\" data-element_type=\"widget\" data-widget_type=\"heading.default\">\n\t\t\t\t<div class=\"elementor-widget-container\">\n\t\t\t\t\t<h3 class=\"elementor-heading-title elementor-size-default\">Verifica en el term\u00f3metro si nos necesitas:<\/h3>\t\t\t\t<\/div>\n\t\t\t\t<\/div>\n\t\t\t\t\t<\/div>\n\t\t<\/div>\n\t\t\t\t<div class=\"elementor-column elementor-col-50 elementor-inner-column elementor-element elementor-element-4a8dc27\" data-id=\"4a8dc27\" data-element_type=\"column\">\n\t\t\t<div class=\"elementor-widget-wrap elementor-element-populated\">\n\t\t\t\t\t\t<div class=\"elementor-element elementor-element-3422824 elementor-widget elementor-widget-image\" data-id=\"3422824\" data-element_type=\"widget\" data-widget_type=\"image.default\">\n\t\t\t\t<div class=\"elementor-widget-container\">\n\t\t\t\t\t\t\t\t\t\t\t\t\t\t\t<img fetchpriority=\"high\" decoding=\"async\" width=\"512\" height=\"512\" src=\"https:\/\/universalmarket.shop\/wp-content\/uploads\/2025\/10\/velocimetro.gif\" class=\"attachment-large size-large wp-image-2021\" alt=\"\" \/>\t\t\t\t\t\t\t\t\t\t\t\t\t\t\t<\/div>\n\t\t\t\t<\/div>\n\t\t\t\t\t<\/div>\n\t\t<\/div>\n\t\t\t\t\t<\/div>\n\t\t<\/section>\n\t\t\t\t<section data-particle_enable=\"false\" data-particle-mobile-disabled=\"false\" class=\"elementor-section elementor-inner-section elementor-element elementor-element-7338be1 elementor-section-content-middle elementor-section-boxed elementor-section-height-default elementor-section-height-default\" data-id=\"7338be1\" data-element_type=\"section\">\n\t\t\t\t\t\t<div class=\"elementor-container elementor-column-gap-default\">\n\t\t\t\t\t<div class=\"elementor-column elementor-col-50 elementor-inner-column elementor-element elementor-element-9065ffa\" data-id=\"9065ffa\" data-element_type=\"column\" data-settings=\"{&quot;background_background&quot;:&quot;classic&quot;}\">\n\t\t\t<div class=\"elementor-widget-wrap elementor-element-populated\">\n\t\t\t\t\t\t<div class=\"elementor-element elementor-element-6365a10 elementor-widget elementor-widget-heading\" data-id=\"6365a10\" data-element_type=\"widget\" data-widget_type=\"heading.default\">\n\t\t\t\t<div class=\"elementor-widget-container\">\n\t\t\t\t\t<h4 class=\"elementor-heading-title elementor-size-default\">Negocio con Rendimiento \u00d3PTIMO <br>(\u00a1Felicidades!)<\/h4>\t\t\t\t<\/div>\n\t\t\t\t<\/div>\n\t\t\t\t\t<\/div>\n\t\t<\/div>\n\t\t\t\t<div class=\"elementor-column elementor-col-50 elementor-inner-column elementor-element elementor-element-1ad1efd\" data-id=\"1ad1efd\" data-element_type=\"column\">\n\t\t\t<div class=\"elementor-widget-wrap elementor-element-populated\">\n\t\t\t\t\t\t<div class=\"elementor-element elementor-element-85bb95f elementor-widget elementor-widget-text-editor\" data-id=\"85bb95f\" data-element_type=\"widget\" data-widget_type=\"text-editor.default\">\n\t\t\t\t<div class=\"elementor-widget-container\">\n\t\t\t\t\t\t\t\t\t<p><em>Si puedes marcar <strong>todos<\/strong> estos puntos, tu negocio est\u00e1 en la cima del \u00e9xito y la competencia a\u00fan no lo alcanza.<\/em><\/p><ul><li><strong>Dominio Absoluto:<\/strong> Mi cuota de mercado es superior al 80% y mi competencia es irrelevante.<\/li><li><strong>Ingresos Exponenciales:<\/strong> Mis ventas <em>online<\/em> superan al a\u00f1o anterior en m\u00e1s de un <strong>50%<\/strong> y la tendencia es a la alza.<\/li><li><strong>ROI Garantizado:<\/strong> Mi Retorno de Inversi\u00f3n (ROI) en publicidad digital es mayor a <strong>5:1<\/strong>.<\/li><li><strong>IA Hiper-Integrada:<\/strong> Utilizo la Inteligencia Artificial no solo para tareas, sino para generar ventas, fidelizar y pronosticar con precisi\u00f3n.<\/li><li><strong>Flujo Constante:<\/strong> Mi tienda\/web genera tr\u00e1fico de alta conversi\u00f3n que satura mis procesos de entrega.<\/li><\/ul><p><strong>Advertencia:<\/strong> Si le falta <em>un solo punto<\/em> a su checklist, le aseguramos que hay un mercado que <strong>NO est\u00e1 capturando<\/strong>. Le invitamos a subir al siguiente nivel y asegurar su posici\u00f3n.<\/p>\t\t\t\t\t\t\t\t<\/div>\n\t\t\t\t<\/div>\n\t\t\t\t\t<\/div>\n\t\t<\/div>\n\t\t\t\t\t<\/div>\n\t\t<\/section>\n\t\t\t\t<section data-particle_enable=\"false\" data-particle-mobile-disabled=\"false\" class=\"elementor-section elementor-inner-section elementor-element elementor-element-6f5087e elementor-section-content-middle elementor-section-boxed elementor-section-height-default elementor-section-height-default\" data-id=\"6f5087e\" data-element_type=\"section\">\n\t\t\t\t\t\t<div class=\"elementor-container elementor-column-gap-default\">\n\t\t\t\t\t<div class=\"elementor-column elementor-col-50 elementor-inner-column elementor-element elementor-element-3a323fa\" data-id=\"3a323fa\" data-element_type=\"column\" data-settings=\"{&quot;background_background&quot;:&quot;classic&quot;}\">\n\t\t\t<div class=\"elementor-widget-wrap elementor-element-populated\">\n\t\t\t\t\t\t<div class=\"elementor-element elementor-element-543d400 elementor-widget elementor-widget-heading\" data-id=\"543d400\" data-element_type=\"widget\" data-widget_type=\"heading.default\">\n\t\t\t\t<div class=\"elementor-widget-container\">\n\t\t\t\t\t<h4 class=\"elementor-heading-title elementor-size-default\">Necesitas una Estrategia Inmediata<br> (Est\u00e1s Perdiendo Dinero)<\/h4>\t\t\t\t<\/div>\n\t\t\t\t<\/div>\n\t\t\t\t\t<\/div>\n\t\t<\/div>\n\t\t\t\t<div class=\"elementor-column elementor-col-50 elementor-inner-column elementor-element elementor-element-17b506f\" data-id=\"17b506f\" data-element_type=\"column\">\n\t\t\t<div class=\"elementor-widget-wrap elementor-element-populated\">\n\t\t\t\t\t\t<div class=\"elementor-element elementor-element-e93e575 elementor-widget elementor-widget-text-editor\" data-id=\"e93e575\" data-element_type=\"widget\" data-widget_type=\"text-editor.default\">\n\t\t\t\t<div class=\"elementor-widget-container\">\n\t\t\t\t\t\t\t\t\t<p><em>Si te identificas con 3 o m\u00e1s de estos puntos, tu negocio est\u00e1 operando con el freno de mano puesto y <strong>perdiendo oportunidades de monetizaci\u00f3n masiva<\/strong>.<\/em><\/p><ul><li><strong>Estancamiento Peligroso:<\/strong> Vendo lo mismo o menos que el a\u00f1o pasado; mis ingresos se han estancado peligrosamente.<\/li><li><strong>Tr\u00e1fico Muerto:<\/strong> Tengo una tienda en l\u00ednea funcional, pero la tasa de visitas y compras es extremadamente baja.<\/li><li><strong>Brecha de Conversi\u00f3n:<\/strong> Tengo miles de seguidores en redes, pero no se traducen en clientes que compran o recomiendan mi marca.<\/li><li><strong>Herramientas Obsoletas:<\/strong> Mi sitio web tiene m\u00e1s de 3 a\u00f1os, o mi competencia ya me super\u00f3 en sistemas de IA y E-commerce.<\/li><li><strong>Fidelidad en Riesgo:<\/strong> La lealtad de mis clientes es media y s\u00e9 que compran a mi competencia ante la primera mejor oferta.<\/li><li><strong>Visibilidad Limitada:<\/strong> Mis clientes potenciales fuera de mi ciudad no saben que existo. Mi marca necesita alcance nacional <strong>YA<\/strong>.<\/li><\/ul><p><strong>\u00a1Es el momento de actuar!<\/strong> El estancamiento es el primer paso al retroceso. Universal Market te da la estructura IA y la visibilidad para monetizar tu tr\u00e1fico y <strong>duplicar tus ventas<\/strong> en el pr\u00f3ximo trimestre.<\/p>\t\t\t\t\t\t\t\t<\/div>\n\t\t\t\t<\/div>\n\t\t\t\t\t<\/div>\n\t\t<\/div>\n\t\t\t\t\t<\/div>\n\t\t<\/section>\n\t\t\t\t<section data-particle_enable=\"false\" data-particle-mobile-disabled=\"false\" class=\"elementor-section elementor-inner-section elementor-element elementor-element-cce8ec6 elementor-section-content-middle elementor-section-boxed elementor-section-height-default elementor-section-height-default\" data-id=\"cce8ec6\" data-element_type=\"section\">\n\t\t\t\t\t\t<div class=\"elementor-container elementor-column-gap-default\">\n\t\t\t\t\t<div class=\"elementor-column elementor-col-50 elementor-inner-column elementor-element elementor-element-43e23cc\" data-id=\"43e23cc\" data-element_type=\"column\" data-settings=\"{&quot;background_background&quot;:&quot;classic&quot;}\">\n\t\t\t<div class=\"elementor-widget-wrap elementor-element-populated\">\n\t\t\t\t\t\t<div class=\"elementor-element elementor-element-b2a0c87 elementor-widget elementor-widget-heading\" data-id=\"b2a0c87\" data-element_type=\"widget\" data-widget_type=\"heading.default\">\n\t\t\t\t<div class=\"elementor-widget-container\">\n\t\t\t\t\t<h4 class=\"elementor-heading-title elementor-size-default\">Necesitas un Rescate<br> (Tu Negocio est\u00e1 en Peligro)<\/h4>\t\t\t\t<\/div>\n\t\t\t\t<\/div>\n\t\t\t\t\t<\/div>\n\t\t<\/div>\n\t\t\t\t<div class=\"elementor-column elementor-col-50 elementor-inner-column elementor-element elementor-element-001bd1e\" data-id=\"001bd1e\" data-element_type=\"column\">\n\t\t\t<div class=\"elementor-widget-wrap elementor-element-populated\">\n\t\t\t\t\t\t<div class=\"elementor-element elementor-element-09b6497 elementor-widget elementor-widget-text-editor\" data-id=\"09b6497\" data-element_type=\"widget\" data-widget_type=\"text-editor.default\">\n\t\t\t\t<div class=\"elementor-widget-container\">\n\t\t\t\t\t\t\t\t\t<p><em>Si te identificas con 3 o m\u00e1s de estos puntos, tu supervivencia est\u00e1 en juego y <strong>la competencia te est\u00e1 devorando<\/strong>.<\/em><\/p><ul><li><strong>Devorado por la Competencia:<\/strong> Mientras mi competencia ha crecido agresivamente en el \u00faltimo a\u00f1o, mis ventas disminuyen mes a mes.<\/li><li><strong>Invisibilidad Total:<\/strong> Nadie encuentra mi negocio\/profesi\u00f3n en Google o en directorios clave. No existo en internet.<\/li><li><strong>Vulnerabilidad Extrema:<\/strong> Solo dependo de Facebook, Instagram o WhatsApp para vender. No tengo una plataforma propia que yo controle.<\/li><li><strong>Obsolescencia Cr\u00edtica:<\/strong> No tengo IA, ni tienda en l\u00ednea profesional, y mi p\u00e1gina web tiene m\u00e1s de 5 a\u00f1os o es una versi\u00f3n gratuita que no funciona.<\/li><li><strong>Cero Resultados:<\/strong> Mis estrategias de publicidad o mi tienda en l\u00ednea <strong>NO<\/strong> generan tr\u00e1fico ni ventas.<\/li><li><strong>Fuga de Clientes Masiva:<\/strong> La baja fidelidad es cr\u00edtica y mis mejores clientes se est\u00e1n yendo <strong>constantemente<\/strong> a la competencia.<\/li><\/ul><p><strong>\u00a1ALARMA!<\/strong> Cada d\u00eda que pasa sin la estructura de Universal Market, su negocio pierde oportunidades y cede terreno. <strong>Necesitas una soluci\u00f3n llave en mano que garantice resultados. Necesitas Universal Market HOY.<\/strong><\/p>\t\t\t\t\t\t\t\t<\/div>\n\t\t\t\t<\/div>\n\t\t\t\t\t<\/div>\n\t\t<\/div>\n\t\t\t\t\t<\/div>\n\t\t<\/section>\n\t\t\t\t<div class=\"elementor-element elementor-element-8ab7110 elementor-widget elementor-widget-spacer\" data-id=\"8ab7110\" data-element_type=\"widget\" data-widget_type=\"spacer.default\">\n\t\t\t\t<div class=\"elementor-widget-container\">\n\t\t\t\t\t\t\t<div class=\"elementor-spacer\">\n\t\t\t<div class=\"elementor-spacer-inner\"><\/div>\n\t\t<\/div>\n\t\t\t\t\t\t<\/div>\n\t\t\t\t<\/div>\n\t\t\t\t<section data-particle_enable=\"false\" data-particle-mobile-disabled=\"false\" class=\"elementor-section elementor-inner-section elementor-element elementor-element-9135331 elementor-section-boxed elementor-section-height-default elementor-section-height-default\" data-id=\"9135331\" data-element_type=\"section\">\n\t\t\t\t\t\t<div class=\"elementor-container elementor-column-gap-default\">\n\t\t\t\t\t<div class=\"elementor-column elementor-col-50 elementor-inner-column elementor-element elementor-element-4c51576\" data-id=\"4c51576\" data-element_type=\"column\">\n\t\t\t<div class=\"elementor-widget-wrap elementor-element-populated\">\n\t\t\t\t\t\t<div class=\"elementor-element elementor-element-bf5562e elementor-widget elementor-widget-text-editor\" data-id=\"bf5562e\" data-element_type=\"widget\" data-widget_type=\"text-editor.default\">\n\t\t\t\t<div class=\"elementor-widget-container\">\n\t\t\t\t\t\t\t\t\t<h3><strong>\u00a1Es hora de tomar el control!<\/strong><\/h3><p>Deje de perder dinero, tiempo y clientes. Hemos hecho el trabajo por usted. Solo elija el camino de crecimiento que mejor se adapte a su perfil y <strong>empiece a vender de forma inteligente<\/strong>:<\/p>\t\t\t\t\t\t\t\t<\/div>\n\t\t\t\t<\/div>\n\t\t\t\t\t<\/div>\n\t\t<\/div>\n\t\t\t\t<div class=\"elementor-column elementor-col-50 elementor-inner-column elementor-element elementor-element-2922800\" data-id=\"2922800\" data-element_type=\"column\">\n\t\t\t<div class=\"elementor-widget-wrap elementor-element-populated\">\n\t\t\t\t\t\t<div class=\"elementor-element elementor-element-30aef15 elementor-widget elementor-widget-heading\" data-id=\"30aef15\" data-element_type=\"widget\" data-widget_type=\"heading.default\">\n\t\t\t\t<div class=\"elementor-widget-container\">\n\t\t\t\t\t<h2 class=\"elementor-heading-title elementor-size-default\">Soy un profesional (consultor, abogado, etc.)<\/h2>\t\t\t\t<\/div>\n\t\t\t\t<\/div>\n\t\t\t\t<div class=\"elementor-element elementor-element-a90ae81 elementor-button-warning elementor-align-left elementor-widget elementor-widget-button\" data-id=\"a90ae81\" data-element_type=\"widget\" data-widget_type=\"button.default\">\n\t\t\t\t<div class=\"elementor-widget-container\">\n\t\t\t\t\t\t\t\t\t<div class=\"elementor-button-wrapper\">\n\t\t\t\t\t<a class=\"elementor-button elementor-button-link elementor-size-sm\" href=\"#elementor-action%3Aaction%3Dpopup%3Aopen%26settings%3DeyJpZCI6Ijk4NiIsInRvZ2dsZSI6ZmFsc2V9\">\n\t\t\t\t\t\t<span class=\"elementor-button-content-wrapper\">\n\t\t\t\t\t\t\t\t\t<span class=\"elementor-button-text\">Registrarse como profesional<\/span>\n\t\t\t\t\t<\/span>\n\t\t\t\t\t<\/a>\n\t\t\t\t<\/div>\n\t\t\t\t\t\t\t\t<\/div>\n\t\t\t\t<\/div>\n\t\t\t\t<div class=\"elementor-element elementor-element-3e27bdd elementor-widget elementor-widget-heading\" data-id=\"3e27bdd\" data-element_type=\"widget\" data-widget_type=\"heading.default\">\n\t\t\t\t<div class=\"elementor-widget-container\">\n\t\t\t\t\t<h2 class=\"elementor-heading-title elementor-size-default\">Soy un vendedor (tienda, producto, etc.)<\/h2>\t\t\t\t<\/div>\n\t\t\t\t<\/div>\n\t\t\t\t<div class=\"elementor-element elementor-element-1027756 elementor-button-warning elementor-align-left elementor-widget elementor-widget-button\" data-id=\"1027756\" data-element_type=\"widget\" data-widget_type=\"button.default\">\n\t\t\t\t<div class=\"elementor-widget-container\">\n\t\t\t\t\t\t\t\t\t<div class=\"elementor-button-wrapper\">\n\t\t\t\t\t<a class=\"elementor-button elementor-button-link elementor-size-sm\" href=\"https:\/\/universalmarket.shop\/index.php\/suscripcion-del-vendedor\/\">\n\t\t\t\t\t\t<span class=\"elementor-button-content-wrapper\">\n\t\t\t\t\t\t\t\t\t<span class=\"elementor-button-text\">Registrarse como vendedor<\/span>\n\t\t\t\t\t<\/span>\n\t\t\t\t\t<\/a>\n\t\t\t\t<\/div>\n\t\t\t\t\t\t\t\t<\/div>\n\t\t\t\t<\/div>\n\t\t\t\t\t<\/div>\n\t\t<\/div>\n\t\t\t\t\t<\/div>\n\t\t<\/section>\n\t\t\t\t<div class=\"elementor-element elementor-element-41938b8 elementor-button-warning elementor-align-center elementor-widget elementor-widget-button\" data-id=\"41938b8\" data-element_type=\"widget\" data-widget_type=\"button.default\">\n\t\t\t\t<div class=\"elementor-widget-container\">\n\t\t\t\t\t\t\t\t\t<div class=\"elementor-button-wrapper\">\n\t\t\t\t\t<a class=\"elementor-button elementor-button-link elementor-size-sm\" href=\"https:\/\/universalmarket.shop\/index.php\/contacto\/\">\n\t\t\t\t\t\t<span class=\"elementor-button-content-wrapper\">\n\t\t\t\t\t\t\t\t\t<span class=\"elementor-button-text\">DESEO UNA ASESOR\u00cdA.<\/span>\n\t\t\t\t\t<\/span>\n\t\t\t\t\t<\/a>\n\t\t\t\t<\/div>\n\t\t\t\t\t\t\t\t<\/div>\n\t\t\t\t<\/div>\n\t\t\t\t\t<\/div>\n\t\t<\/div>\n\t\t\t\t\t<\/div>\n\t\t<\/section>\n\t\t\t\t<\/div>\n\t\t","protected":false},"excerpt":{"rendered":"<p>TERM\u00d3METRO UNIVERSAL MARKET: MIDE TU \u00c9XITO HOY DEJA DE INTENTAR. EMPIEZA A VENDER. \u00bfCansado de estrategias digitales que no funcionan? La clave para dominar el mercado no es solo tener una web o una tienda; es que funcionen con la precisi\u00f3n de un reloj suizo. En Universal Market, hemos eliminado el costoso prueba y error [&hellip;]<\/p>\n","protected":false},"author":1,"featured_media":0,"parent":0,"menu_order":0,"comment_status":"closed","ping_status":"closed","template":"","meta":{"om_disable_all_campaigns":false,"_monsterinsights_skip_tracking":false,"_monsterinsights_sitenote_active":false,"_monsterinsights_sitenote_note":"","_monsterinsights_sitenote_category":0,"_uf_show_specific_survey":0,"_uf_disable_surveys":false,"footnotes":""},"class_list":["post-2019","page","type-page","status-publish","hentry"],"aioseo_notices":[],"_links":{"self":[{"href":"https:\/\/universalmarket.shop\/index.php\/wp-json\/wp\/v2\/pages\/2019","targetHints":{"allow":["GET"]}}],"collection":[{"href":"https:\/\/universalmarket.shop\/index.php\/wp-json\/wp\/v2\/pages"}],"about":[{"href":"https:\/\/universalmarket.shop\/index.php\/wp-json\/wp\/v2\/types\/page"}],"author":[{"embeddable":true,"href":"https:\/\/universalmarket.shop\/index.php\/wp-json\/wp\/v2\/users\/1"}],"replies":[{"embeddable":true,"href":"https:\/\/universalmarket.shop\/index.php\/wp-json\/wp\/v2\/comments?post=2019"}],"version-history":[{"count":40,"href":"https:\/\/universalmarket.shop\/index.php\/wp-json\/wp\/v2\/pages\/2019\/revisions"}],"predecessor-version":[{"id":2068,"href":"https:\/\/universalmarket.shop\/index.php\/wp-json\/wp\/v2\/pages\/2019\/revisions\/2068"}],"wp:attachment":[{"href":"https:\/\/universalmarket.shop\/index.php\/wp-json\/wp\/v2\/media?parent=2019"}],"curies":[{"name":"wp","href":"https:\/\/api.w.org\/{rel}","templated":true}]}}