{"id":6,"date":"2022-10-13T03:10:14","date_gmt":"2022-10-13T03:10:14","guid":{"rendered":"http:\/\/universalmarket.shop\/index.php\/cart\/"},"modified":"2024-12-09T20:33:56","modified_gmt":"2024-12-10T01:33:56","slug":"cart","status":"publish","type":"page","link":"https:\/\/universalmarket.shop\/index.php\/cart\/","title":{"rendered":"Carrito"},"content":{"rendered":"\t\t<div data-elementor-type=\"wp-page\" data-elementor-id=\"6\" class=\"elementor elementor-6\" data-elementor-post-type=\"page\">\n\t\t\t\t\t\t<section data-particle_enable=\"false\" data-particle-mobile-disabled=\"false\" class=\"elementor-section elementor-top-section elementor-element elementor-element-dd86986 elementor-section-boxed elementor-section-height-default elementor-section-height-default\" data-id=\"dd86986\" data-element_type=\"section\">\n\t\t\t\t\t\t<div class=\"elementor-container elementor-column-gap-default\">\n\t\t\t\t\t<div class=\"elementor-column elementor-col-100 elementor-top-column elementor-element elementor-element-bb0225c\" data-id=\"bb0225c\" data-element_type=\"column\">\n\t\t\t<div class=\"elementor-widget-wrap elementor-element-populated\">\n\t\t\t\t\t\t<div class=\"elementor-element elementor-element-d9e8326 e-cart-layout-two-column elementor-widget elementor-widget-woocommerce-cart\" data-id=\"d9e8326\" data-element_type=\"widget\" data-settings=\"{&quot;update_cart_automatically&quot;:&quot;yes&quot;}\" data-widget_type=\"woocommerce-cart.default\">\n\t\t\t\t<div class=\"elementor-widget-container\">\n\t\t\t\t\t<div class=\"woocommerce\"><div class=\"woocommerce-notices-wrapper\"><\/div><div class=\"wc-empty-cart-message\">\n\t<div class=\"cart-empty woocommerce-info\" role=\"status\">\n\t\tTu carrito est\u00e1 vac\u00edo.\t<\/div>\n<\/div><\/div>\t\t\t\t<\/div>\n\t\t\t\t<\/div>\n\t\t\t\t\t<\/div>\n\t\t<\/div>\n\t\t\t\t\t<\/div>\n\t\t<\/section>\n\t\t\t\t<\/div>\n\t\t","protected":false},"excerpt":{"rendered":"<p>Eliminar art\u00edculo Imagen en miniatura Producto Precio Cantidad Subtotal &times; Salsas Gourmet Do\u00f1a Pura Tienda: Boutique Universal Market &#36;230.00 Salsas Gourmet Do\u00f1a Pura cantidad &#36;230.00 Aplicar cup\u00f3n Totales del carrito Subtotal &#36;230.00 Boutique Universal Market Env\u00edos&#010;(Distancia: 1276.24km) Env\u00edo gratis Enviar a Benito Ju\u00e1rez, Quintana Roo, 77519, M\u00e9xico. Cambiar direcci\u00f3n Pa\u00eds \/ regi\u00f3n: Selecciona un pa\u00eds\/regi\u00f3n&hellip;Afganist\u00e1nAlbaniaAlemaniaAlgeriaAndorraAngolaAnguillaAnt\u00e1rtidaAntigua [&hellip;]<\/p>\n","protected":false},"author":1,"featured_media":0,"parent":0,"menu_order":0,"comment_status":"closed","ping_status":"closed","template":"","meta":{"om_disable_all_campaigns":false,"_monsterinsights_skip_tracking":false,"_monsterinsights_sitenote_active":false,"_monsterinsights_sitenote_note":"","_monsterinsights_sitenote_category":0,"_uf_show_specific_survey":0,"_uf_disable_surveys":false,"footnotes":""},"class_list":["post-6","page","type-page","status-publish","hentry"],"aioseo_notices":[],"_links":{"self":[{"href":"https:\/\/universalmarket.shop\/index.php\/wp-json\/wp\/v2\/pages\/6","targetHints":{"allow":["GET"]}}],"collection":[{"href":"https:\/\/universalmarket.shop\/index.php\/wp-json\/wp\/v2\/pages"}],"about":[{"href":"https:\/\/universalmarket.shop\/index.php\/wp-json\/wp\/v2\/types\/page"}],"author":[{"embeddable":true,"href":"https:\/\/universalmarket.shop\/index.php\/wp-json\/wp\/v2\/users\/1"}],"replies":[{"embeddable":true,"href":"https:\/\/universalmarket.shop\/index.php\/wp-json\/wp\/v2\/comments?post=6"}],"version-history":[{"count":10,"href":"https:\/\/universalmarket.shop\/index.php\/wp-json\/wp\/v2\/pages\/6\/revisions"}],"predecessor-version":[{"id":1545,"href":"https:\/\/universalmarket.shop\/index.php\/wp-json\/wp\/v2\/pages\/6\/revisions\/1545"}],"wp:attachment":[{"href":"https:\/\/universalmarket.shop\/index.php\/wp-json\/wp\/v2\/media?parent=6"}],"curies":[{"name":"wp","href":"https:\/\/api.w.org\/{rel}","templated":true}]}}