{"id":617,"date":"2023-02-25T18:58:10","date_gmt":"2023-02-25T23:58:10","guid":{"rendered":"https:\/\/universalmarket.shop\/index.php\/store-listing\/"},"modified":"2024-08-20T22:05:55","modified_gmt":"2024-08-21T03:05:55","slug":"store-listing","status":"publish","type":"page","link":"https:\/\/universalmarket.shop\/index.php\/store-listing\/","title":{"rendered":"Tiendas"},"content":{"rendered":"\n<p><em><strong>\n\n\n<div id=\"wcfmmp-stores-lists\" class=\"wcfmmp-stores-listing \">\n\n\t\n  \t\n  \t\r\n<div id=\"wcfmmp-store-list-map\" class=\"wcfmmp-store-list-map\"><\/div>\r\n\r\n<script>\r\n\t$map_zoom    = 5;\r\n\t$auto_zoom   = '1';\r\n\t$per_row     = '3';\r\n\t$per_page    = '12';\r\n\t$includes    = '';\r\n\t$excludes    = '';\r\n\t$has_product = '';\r\n\t$sidebar     = '1';\r\n\t$has_orderby = '1';\r\n\t$theme       = 'classic';\r\n<\/script>  \n  \t\n\t\r\n<form role=\"search\" method=\"get\" class=\"wcfmmp-store-search-form\" action=\"\">\r\n\r\n\t\t\r\n\t\t  <input type=\"search\" id=\"search\" class=\"search-field wcfmmp-store-search\" placeholder=\"Buscar tienda &hellip;\" value=\"\" name=\"wcfmmp_store_search\" title=\"Buscar tienda &hellip;\" \/>\r\n\t\t\r\n\t\t\r\n\t\t\t\t\t  <select id=\"wcfmmp_store_category\" name=\"wcfmmp_store_category\" class=\"wcfm-select wcfm_ele\">\r\n\t\t    <option value=\"\">Seleccionar categor\u00eda<\/option>\r\n\t\t\t  \t\t\t\t\t\t\t\t<option value=\"15\" >Uncategorized<\/option>\r\n\t\t\t\t\t\t\t\t\t\t\t\t\t\t\t\t<option value=\"82\" >Belleza y cuidado personal<\/option>\r\n\t\t\t\t\t\t\t\t\t\t\t\t\t\t\t\t<option value=\"84\" >Boutique dama<\/option>\r\n\t\t\t\t\t\t\t\t\t\t\t\t\t\t\t\t\t\t<option value=\"108\" >Accesorios<\/option>\r\n\t\t\t\t\t\t\t\t\t\t\t\t\t\t\t\t\t\t<option value=\"88\" >Cocina y reposter\u00eda<\/option>\r\n\t\t\t\t\t\t\t\t\t\t\t\t\t\t\t\t<option value=\"97\" >Salud<\/option>\r\n\t\t\t\t\t\t\t\t\t\t\t\t\t\t\t\t<option value=\"198\" >Arreglos florales<\/option>\r\n\t\t\t\t\t\t\t\t\t\t\t<\/select>\r\n\t\t\t\t    \r\n  \t\r\n\t\t\t<select id=\"wcfmmp_store_country\" name=\"wcfmmp_store_country\" class=\"country_select wcfm-select wcfm_ele\"  ><option value=\"\">\u2014 Selecciona una ubicaci\u00f3n \u2014<\/option><optgroup label=\"-------------------------------------\"><option value=\"AF\" >Afganist\u00e1n<\/option><option value=\"AL\" >Albania<\/option><option value=\"DE\" >Alemania<\/option><option value=\"DZ\" >Algeria<\/option><option value=\"AD\" >Andorra<\/option><option value=\"AO\" >Angola<\/option><option value=\"AI\" >Anguilla<\/option><option value=\"AQ\" >Ant\u00e1rtida<\/option><option value=\"AG\" >Antigua y Barbuda<\/option><option value=\"SA\" >Arabia Saudita<\/option><option value=\"AR\" >Argentina<\/option><option value=\"AM\" >Armenia<\/option><option value=\"AW\" >Aruba<\/option><option value=\"AU\" >Australia<\/option><option value=\"AT\" >Austria<\/option><option value=\"AZ\" >Azerbaijan<\/option><option value=\"BS\" >Bahamas<\/option><option value=\"BH\" >Bahrain<\/option><option value=\"BD\" >Bangladesh<\/option><option value=\"BB\" >Barbados<\/option><option value=\"PW\" >Belau<\/option><option value=\"BE\" >B\u00e9lgica<\/option><option value=\"BZ\" >Belize<\/option><option value=\"BJ\" >Benin<\/option><option value=\"BM\" >Bermuda<\/option><option value=\"BT\" >Bhutan<\/option><option value=\"BY\" >Bielorrusia<\/option><option value=\"MM\" >Birmania<\/option><option value=\"BO\" >Bolivia<\/option><option value=\"BQ\" >Bonaire, San Eustaquio y Saba<\/option><option value=\"BA\" >Bosnia y Herzegovina<\/option><option value=\"BW\" >Botswana<\/option><option value=\"BR\" >Brasil<\/option><option value=\"BN\" >Brun\u00e9i<\/option><option value=\"BG\" >Bulgaria<\/option><option value=\"BF\" >Burkina Faso<\/option><option value=\"BI\" >Burundi<\/option><option value=\"CV\" >Cabo Verde<\/option><option value=\"KH\" >Camboya<\/option><option value=\"CM\" >Camer\u00fan<\/option><option value=\"CA\" >Canad\u00e1<\/option><option value=\"TD\" >Chad<\/option><option value=\"CL\" >Chile<\/option><option value=\"CN\" >China<\/option><option value=\"CY\" >Chipre<\/option><option value=\"VA\" >Ciudad del Vaticano<\/option><option value=\"CO\" >Colombia<\/option><option value=\"KM\" >Comoras<\/option><option value=\"CG\" >Congo (Brazzaville)<\/option><option value=\"CD\" >Congo (Kinshasa)<\/option><option value=\"KP\" >Corea del Norte<\/option><option value=\"KR\" >Corea del Sur<\/option><option value=\"CI\" >Costa de Marfil<\/option><option value=\"CR\" >Costa Rica<\/option><option value=\"HR\" >Croacia<\/option><option value=\"CU\" >Cuba<\/option><option value=\"CW\" >Cura&ccedil;ao<\/option><option value=\"DK\" >Dinamarca<\/option><option value=\"DJ\" >Djibouti<\/option><option value=\"DM\" >Dominica<\/option><option value=\"EC\" >Ecuador<\/option><option value=\"EG\" >Egipto<\/option><option value=\"SV\" >El Salvador<\/option><option value=\"AE\" >Emiratos \u00c1rabes Unidos<\/option><option value=\"ER\" >Eritrea<\/option><option value=\"SK\" >Eslovaquia<\/option><option value=\"SI\" >Eslovenia<\/option><option value=\"ES\" >Espa\u00f1a<\/option><option value=\"US\" >Estados Unidos (EEUU)<\/option><option value=\"EE\" >Estonia<\/option><option value=\"SZ\" >Eswatini<\/option><option value=\"ET\" >Etiop\u00eda<\/option><option value=\"PH\" >Filipinas<\/option><option value=\"FI\" >Finlandia<\/option><option value=\"FJ\" >Fiyi<\/option><option value=\"FR\" >Francia<\/option><option value=\"GA\" >Gab\u00f3n<\/option><option value=\"GM\" >Gambia<\/option><option value=\"GE\" >Georgia<\/option><option value=\"GH\" >Ghana<\/option><option value=\"GI\" >Gibraltar<\/option><option value=\"GD\" >Granada<\/option><option value=\"GR\" >Grecia<\/option><option value=\"GL\" >Groenlandia<\/option><option value=\"GP\" >Guadalupe<\/option><option value=\"GU\" >Guam<\/option><option value=\"GT\" >Guatemala<\/option><option value=\"GF\" >Guayana Francesa<\/option><option value=\"GG\" >Guernsey<\/option><option value=\"GN\" >Guinea<\/option><option value=\"GQ\" >Guinea Ecuatorial<\/option><option value=\"GW\" >Guinea-Bis\u00e1u<\/option><option value=\"GY\" >Guyana<\/option><option value=\"HT\" >Hait\u00ed<\/option><option value=\"HN\" >Honduras<\/option><option value=\"HK\" >Hong Kong<\/option><option value=\"HU\" >Hungr\u00eda<\/option><option value=\"IN\" >India<\/option><option value=\"ID\" >Indonesia<\/option><option value=\"IQ\" >Irak<\/option><option value=\"IR\" >Ir\u00e1n<\/option><option value=\"IE\" >Irlanda<\/option><option value=\"BV\" >Isla Bouvet<\/option><option value=\"IM\" >Isla de Man<\/option><option value=\"CX\" >Isla de Navidad<\/option><option value=\"NF\" >Isla Norfolk<\/option><option value=\"SH\" >Isla Santa Elena<\/option><option value=\"IS\" >Islandia<\/option><option value=\"AX\" >Islas \u00c5land<\/option><option value=\"KY\" >Islas Caim\u00e1n<\/option><option value=\"CC\" >Islas Cocos<\/option><option value=\"CK\" >Islas Cook<\/option><option value=\"UM\" >Islas de ultramar menores de Estados Unidos (EEUU)<\/option><option value=\"FO\" >Islas Feroe<\/option><option value=\"GS\" >Islas Georgias y Sandwich del Sur<\/option><option value=\"HM\" >Islas Heard y McDonald<\/option><option value=\"FK\" >Islas Malvinas<\/option><option value=\"MP\" >Islas Marianas del Norte<\/option><option value=\"MH\" >Islas Marshall<\/option><option value=\"SB\" >Islas Salom\u00f3n<\/option><option value=\"TC\" >Islas Turcas y Caicos<\/option><option value=\"VG\" >Islas V\u00edrgenes (Brit\u00e1nicas)<\/option><option value=\"VI\" >Islas V\u00edrgenes (EEUU)<\/option><option value=\"IL\" >Israel<\/option><option value=\"IT\" >Italia<\/option><option value=\"JM\" >Jamaica<\/option><option value=\"JP\" >Jap\u00f3n<\/option><option value=\"JE\" >Jersey<\/option><option value=\"JO\" >Jordania<\/option><option value=\"KZ\" >Kazajist\u00e1n<\/option><option value=\"KE\" >Kenia<\/option><option value=\"KG\" >Kirguist\u00e1n<\/option><option value=\"KI\" >Kiribati<\/option><option value=\"KW\" >Kuwait<\/option><option value=\"LA\" >Laos<\/option><option value=\"LS\" >Lesoto<\/option><option value=\"LV\" >Letonia<\/option><option value=\"LB\" >L\u00edbano<\/option><option value=\"LR\" >Liberia<\/option><option value=\"LY\" >Libia<\/option><option value=\"LI\" >Liechtenstein<\/option><option value=\"LT\" >Lituania<\/option><option value=\"LU\" >Luxemburgo<\/option><option value=\"MO\" >Macao<\/option><option value=\"MK\" >Macedonia del Norte<\/option><option value=\"MG\" >Madagascar<\/option><option value=\"MY\" >Malasia<\/option><option value=\"MW\" >Malaui<\/option><option value=\"MV\" >Maldivas<\/option><option value=\"ML\" >Mal\u00ed<\/option><option value=\"MT\" >Malta<\/option><option value=\"MA\" >Marruecos<\/option><option value=\"MQ\" >Martinica<\/option><option value=\"MU\" >Mauricio<\/option><option value=\"MR\" >Mauritania<\/option><option value=\"YT\" >Mayotte<\/option><option value=\"MX\" >M\u00e9xico<\/option><option value=\"FM\" >Micronesia<\/option><option value=\"MD\" >Moldavia<\/option><option value=\"MC\" >M\u00f3naco<\/option><option value=\"MN\" >Mongolia<\/option><option value=\"ME\" >Montenegro<\/option><option value=\"MS\" >Montserrat<\/option><option value=\"MZ\" >Mozambique<\/option><option value=\"NA\" >Namibia<\/option><option value=\"NR\" >Nauru<\/option><option value=\"NP\" >Nepal<\/option><option value=\"NI\" >Nicaragua<\/option><option value=\"NE\" >N\u00edger<\/option><option value=\"NG\" >Nigeria<\/option><option value=\"NU\" >Niue<\/option><option value=\"NO\" >Noruega<\/option><option value=\"NC\" >Nueva Caledonia<\/option><option value=\"NZ\" >Nueva Zelanda<\/option><option value=\"OM\" >Om\u00e1n<\/option><option value=\"NL\" >Pa\u00edses Bajos<\/option><option value=\"PK\" >Pakist\u00e1n<\/option><option value=\"PA\" >Panam\u00e1<\/option><option value=\"PG\" >Pap\u00faa Nueva Guinea<\/option><option value=\"PY\" >Paraguay<\/option><option value=\"PE\" >Per\u00fa<\/option><option value=\"PN\" >Pitcairn<\/option><option value=\"PF\" >Polinesia Francesa<\/option><option value=\"PL\" >Polonia<\/option><option value=\"PT\" >Portugal<\/option><option value=\"PR\" >Puerto Rico<\/option><option value=\"QA\" >Qatar<\/option><option value=\"GB\" >Reino Unido (UK)<\/option><option value=\"CF\" >Rep\u00fablica Centroafricana<\/option><option value=\"CZ\" >Rep\u00fablica Checa<\/option><option value=\"DO\" >Rep\u00fablica Dominicana<\/option><option value=\"RE\" >Reuni\u00f3n<\/option><option value=\"RW\" >Ruanda<\/option><option value=\"RO\" >Rumania<\/option><option value=\"RU\" >Rusia<\/option><option value=\"EH\" >Sahara Occidental<\/option><option value=\"WS\" >Samoa<\/option><option value=\"AS\" >Samoa Americana<\/option><option value=\"BL\" >San Bartolom\u00e9<\/option><option value=\"KN\" >San Crist\u00f3bal y Nieves<\/option><option value=\"SM\" >San Marino<\/option><option value=\"MF\" >San Mart\u00edn (parte de Francia)<\/option><option value=\"SX\" >San Mart\u00edn (parte de Holanda)<\/option><option value=\"PM\" >San Pedro y Miquel\u00f3n<\/option><option value=\"VC\" >San Vicente y las Granadinas<\/option><option value=\"LC\" >Santa Luc\u00eda<\/option><option value=\"ST\" >Santo Tom\u00e9 y Pr\u00edncipe<\/option><option value=\"SN\" >Senegal<\/option><option value=\"RS\" >Serbia<\/option><option value=\"SC\" >Seychelles<\/option><option value=\"SL\" >Sierra Leona<\/option><option value=\"SG\" >Singapur<\/option><option value=\"SY\" >Siria<\/option><option value=\"SO\" >Somalia<\/option><option value=\"LK\" >Sri Lanka<\/option><option value=\"ZA\" >Sud\u00e1frica<\/option><option value=\"SD\" >Sud\u00e1n<\/option><option value=\"SS\" >Sud\u00e1n del Sur<\/option><option value=\"SE\" >Suecia<\/option><option value=\"CH\" >Suiza<\/option><option value=\"SR\" >Surinam<\/option><option value=\"SJ\" >Svalbard y Jan Mayen<\/option><option value=\"TH\" >Tailandia<\/option><option value=\"TW\" >Taiw\u00e1n<\/option><option value=\"TZ\" >Tanzania<\/option><option value=\"TJ\" >Tayikist\u00e1n<\/option><option value=\"IO\" >Territorio Brit\u00e1nico del Oc\u00e9ano \u00cdndico<\/option><option value=\"TF\" >Territorios australes franceses<\/option><option value=\"PS\" >Territorios Palestinos<\/option><option value=\"TL\" >Timor Oriental<\/option><option value=\"TG\" >Togo<\/option><option value=\"TK\" >Tokelau<\/option><option value=\"TO\" >Tonga<\/option><option value=\"TT\" >Trinidad y Tobago<\/option><option value=\"TN\" >T\u00fanez<\/option><option value=\"TR\" >T\u00fcrkiye<\/option><option value=\"TM\" >Turkmenist\u00e1n<\/option><option value=\"TV\" >Tuvalu<\/option><option value=\"UA\" >Ucrania<\/option><option value=\"UG\" >Uganda<\/option><option value=\"UY\" >Uruguay<\/option><option value=\"UZ\" >Uzbekist\u00e1n<\/option><option value=\"VU\" >Vanuatu<\/option><option value=\"VE\" >Venezuela<\/option><option value=\"VN\" >Vietnam<\/option><option value=\"WF\" >Wallis y Futuna<\/option><option value=\"YE\" >Yemen<\/option><option value=\"ZM\" >Zambia<\/option><option value=\"ZW\" >Zimbabue<\/option><\/optgroup><\/select>    \r\n    \t<select id=\"wcfmmp_store_state\" name=\"wcfmmp_store_state\" class=\"wcfm-select wcfm_ele\"  ><\/select>    \r\n  \t\r\n\t  \r\n  \t\r\n\t<input type=\"hidden\" id=\"pagination_base\" name=\"pagination_base\" value=\"https:\/\/universalmarket.shop\/index.php\/wp-json\/wp\/v2\/pages\/%#%\/page\/%#%\/\" \/>\r\n\t<input type=\"hidden\" id=\"wcfm_paged\" name=\"wcfm_paged\" value=\"1\" \/>\r\n\t<input type=\"hidden\" id=\"nonce\" name=\"nonce\" value=\"f9d941a99a\" \/>\r\n\t<div class=\"wcfmmp-overlay\" style=\"display: none;\"><span class=\"wcfmmp-ajax-loader\"><\/span><\/div>\r\n<\/form>\t\n\t  \n  \t  \n  \t<div id=\"wcfmmp-stores-wrap-holder\" class=\"rgt right_side right_side_full\">\n    \t    \n    \t<div id=\"wcfmmp-stores-wrap\">\n\t  \t\t\n<div class=\"wcfmmp-stores-content-holder\">\n\t<div class=\"wcfmmp-stores-content\">\n\t\n\t  \r\n<div class=\"wcfmmp-store-lists-sorting\">\r\n  <form class=\"wcfm-woocommerce-ordering\" action=\"\" method=\"get\">\r\n\t\t<select id=\"wcfmmp_store_orderby\" name=\"orderby\" class=\"orderby\">\r\n\t\t\t<option value=\"newness_asc\"  selected='selected'>Ordenar por antig\u00fcedad: viejos a nuevos<\/option>\r\n\t\t\t<option value=\"newness_desc\" >Ordenar por antig\u00fcedad: nuevos a viejos<\/option>\r\n\t\t\t<option value=\"rating_asc\" >Ordenar por valoraci\u00f3n promedio: menor a mayor<\/option>\r\n\t\t\t<option value=\"rating_desc\" >Ordenar por valoraci\u00f3n promedio: mayor a menor<\/option>\r\n\t\t\t<option value=\"alphabetical_asc\" >Orden alfab\u00e9tico: A a Z<\/option>\r\n\t\t\t<option value=\"alphabetical_desc\" >Orden alfab\u00e9tico: Z a A<\/option>\r\n\t\t<\/select>\r\n\t\t\r\n\t\t\t\t<input type=\"hidden\" name=\"wcfmmp_store_search\" value=\"\" \/>\r\n\t\t<input type=\"hidden\" name=\"wcfmmp_store_category\" value=\"\" \/>\r\n\t\t<input type=\"hidden\" name=\"wcfmsc_store_categories\" value=\"\" \/>\r\n\t\t<input type=\"hidden\" name=\"paged\" value=\"1\">\r\n\t<\/form>\r\n\t<p class=\"woocommerce-result-count\">\r\n\t\tMostrando 1-2 de 2 resultados\t<\/p>\r\n\t\r\n\t\t\r\n\t<div class=\"spacer\"><\/div>\r\n<\/div>\t\n\t\t\t\t\t<ul class=\"wcfmmp-store-wrap\">\n\t\t\t\t\r\n<li class=\"wcfmmp-single-store item woocommerce coloum-3\">\r\n\t<div class=\"store-wrapper\">\r\n\t\t<div class=\"store-content\">\r\n\t\t  \t\t\t\t\t\t\t\t\t<div class=\"store-info\" style=\"background-image: url( 'https:\/\/universalmarket.shop\/wp-content\/plugins\/wc-multivendor-marketplace\/assets\/images\/default_banner.jpg');\"><\/div>\r\n\t\t\t\t\t\t\t\t\t<\/div>\r\n\t\t<div class=\"store-footer\">\r\n\t\t\r\n\t\t\t<div class=\"store-avatar lft\">\r\n\t\t\t\t<img decoding=\"async\" src=\"https:\/\/universalmarket.shop\/wp-content\/plugins\/wc-frontend-manager\/assets\/images\/wcfmmp-blue.png\" alt=\"Logo\"\/>\r\n\t\t\t<\/div>\r\n\t\t\t\r\n\t\t\t<div class=\"store-data-container rgt\">\r\n\t\t\t\t<div class=\"store-data\">\r\n\t\t\t\t\t<h2>\r\n\t\t\t\t\t  \t\t\t\t\t  \t<a href=\"https:\/\/universalmarket.shop\/tienda\/irisha-eternal-boutique\">Irisha Eternal Boutique<\/a>\r\n\t\t\t\t\t  \t\t\t\t\t  <div class=\"wcfm_vendor_badges\"><\/div>\t\t\t\t  <\/h2>\r\n\t\t\t\t\t\r\n\t\t\t\t\t<div class=\"bd_rating\">\r\n\t\t\t\t\t\t\t\t\t<div style=\"\" class=\"wcfmmp-store-rating\" title=\"\u00a1No hay rese\u00f1as a\u00fan!\">\r\n\t\t\t\t<span style=\"width: 0%\">\r\n\t\t\t\t\t<strong class=\"rating\">0<\/strong> de 5\t\t\t\t<\/span>\r\n\t\t\t\t\t\t\t<\/div>\r\n\t\t\t\t\t\t\t\t<div class=\"spacer\"><\/div>\r\n\t\t\t\t\t\t<div class=\"spacer\"><\/div>\r\n\t\t\t\t\t<\/div>\r\n\t\t\t\t\t\r\n\t\t\t\t\t\t\t\t\t\t\t<p class=\"store-address\">Av Xel Ha, Isla E Lote 1 #10E, Canc\u00fan, Quintana Roo, 77509, M\u00e9xico<\/p>\r\n\t\t\t\t\t\t\t\t\t\t\r\n\t\t\t\t\t\t\t\t\t\t\t<p class=\"store-phone\">\r\n\t\t\t\t\t\t\t<i class=\"wcfmfa fa-envelope\" aria-hidden=\"true\"><\/i> davidbullman1@yahoo.com\t\t\t\t\t\t<\/p>\r\n\t\t\t\t\t\r\n\t\t\t\t\t\t\t\t\t\t\t<p class=\"store-phone\">\r\n\t\t\t\t\t\t\t<i class=\"wcfmfa fa-phone\" aria-hidden=\"true\"><\/i> +529987618757\t\t\t\t\t\t<\/p>\r\n\t\t\t\t\t\t\t\t\t\t\t\t\t\t\t\t\t\t\t\t\t\t\t\t\t\t\t\t<p class=\"store-enquiry\"><a class=\"wcfm_catalog_enquiry \" data-store=\"47\" data-product=\"0\" href=\"#\"><span class=\"wcfmfa fa-question-circle fa-question-circle\"><\/span>&nbsp;<span class=\"add_enquiry_label\">Consulta<\/span><\/a><\/p>\r\n\t\t\t\t\t\t\t\t\r\n\t\t\t\t\t<div class=\"wcfm-clearfix\"><\/div>\r\n\t\t\t\t<\/div>\r\n\t\t\t<\/div>\r\n\t\t\t<div class=\"spacer\"><\/div>\r\n\t\t\t\r\n\t\t\t\t\t\t  <a href=\"https:\/\/universalmarket.shop\/tienda\/irisha-eternal-boutique\" class=\"wcfmmp-visit-store\">Visitar <span>Tienda<\/span><\/a>\r\n\t\t\t\t\t\t\r\n\t\t\t\t\t<\/div>\r\n\t<\/div>\r\n<\/li>\t\t\t\t<div class=\"wcfm-clearfix\"><\/div>\n\t\t\t<\/ul> <!-- .wcfmmp-store-wrap -->\n\n\t\t\t\n\t\t\t<\/div>\n<\/div>\t  \t<\/div>\n\t<\/div>\n\t\n\t\t\n\t\t  \t\t\t\n\t\t\n\t<div class=\"spacer\"><\/div>\n<\/div>\n\n\n<\/strong><\/em><\/p>\n","protected":false},"excerpt":{"rendered":"","protected":false},"author":1,"featured_media":0,"parent":0,"menu_order":0,"comment_status":"closed","ping_status":"closed","template":"","meta":{"om_disable_all_campaigns":false,"_monsterinsights_skip_tracking":false,"_monsterinsights_sitenote_active":false,"_monsterinsights_sitenote_note":"","_monsterinsights_sitenote_category":0,"_uf_show_specific_survey":0,"_uf_disable_surveys":false,"footnotes":""},"class_list":["post-617","page","type-page","status-publish","hentry"],"aioseo_notices":[],"_links":{"self":[{"href":"https:\/\/universalmarket.shop\/index.php\/wp-json\/wp\/v2\/pages\/617","targetHints":{"allow":["GET"]}}],"collection":[{"href":"https:\/\/universalmarket.shop\/index.php\/wp-json\/wp\/v2\/pages"}],"about":[{"href":"https:\/\/universalmarket.shop\/index.php\/wp-json\/wp\/v2\/types\/page"}],"author":[{"embeddable":true,"href":"https:\/\/universalmarket.shop\/index.php\/wp-json\/wp\/v2\/users\/1"}],"replies":[{"embeddable":true,"href":"https:\/\/universalmarket.shop\/index.php\/wp-json\/wp\/v2\/comments?post=617"}],"version-history":[{"count":4,"href":"https:\/\/universalmarket.shop\/index.php\/wp-json\/wp\/v2\/pages\/617\/revisions"}],"predecessor-version":[{"id":1496,"href":"https:\/\/universalmarket.shop\/index.php\/wp-json\/wp\/v2\/pages\/617\/revisions\/1496"}],"wp:attachment":[{"href":"https:\/\/universalmarket.shop\/index.php\/wp-json\/wp\/v2\/media?parent=617"}],"curies":[{"name":"wp","href":"https:\/\/api.w.org\/{rel}","templated":true}]}}