{"id":1507,"date":"2024-10-15T14:48:36","date_gmt":"2024-10-15T19:48:36","guid":{"rendered":"https:\/\/universalmarket.shop\/index.php\/product\/dona-pura\/"},"modified":"2025-06-11T13:08:21","modified_gmt":"2025-06-11T18:08:21","slug":"dona-pura","status":"publish","type":"product","link":"https:\/\/universalmarket.shop\/index.php\/product\/dona-pura\/","title":{"rendered":"Salsas Gourmet Do\u00f1a Pura"},"content":{"rendered":"<p>M\u00e1s de 25 a\u00f1os sirviendo las paladares. Los procesos de cocci\u00f3n y fusi\u00f3n de nuestras salsas llevan 21 d\u00edas para llegar a una receta gourmet.\u00a0 La perfecci\u00f3n lleva tiempo.\u00a0<\/p>\n<ul class=\"a-unordered-list a-vertical a-spacing-mini\">\n<li class=\"a-spacing-mini\" data-mce-style=\"margin: 0px;\" style=\"margin: 0px\"><span class=\"a-list-item\" data-mce-style=\"color: var(--n4qdchev6mgo,#0f1111);\" style=\"color: var(--n4qdchev6mgo,#0f1111)\">Las salsas Do\u00f1a Pura se elaboran artesanalmente; hecho en m\u00e9xico<\/span><\/li>\n<li class=\"a-spacing-mini\" data-mce-style=\"margin: 0px;\" style=\"margin: 0px\"><span class=\"a-list-item\" data-mce-style=\"color: var(--n4qdchev6mgo,#0f1111);\" style=\"color: var(--n4qdchev6mgo,#0f1111)\">Picor; medio; complementa agradablemente cualquier platillo; prueba con quesos, pizza, pasta o carne<\/span><\/li>\n<li class=\"a-spacing-mini\" data-mce-style=\"margin: 0px;\" style=\"margin: 0px\"><span class=\"a-list-item\" data-mce-style=\"color: var(--n4qdchev6mgo,#0f1111);\" style=\"color: var(--n4qdchev6mgo,#0f1111)\">Nutritiva; disfruta su deliciosa y nutritiva combinaci\u00f3n de chiles, semillas de girasol, aceite de canola y ajo<\/span><\/li>\n<li class=\"a-spacing-mini\" data-mce-style=\"margin: 0px;\" style=\"margin: 0px\"><span class=\"a-list-item\" data-mce-style=\"color: var(--n4qdchev6mgo,#0f1111);\" style=\"color: var(--n4qdchev6mgo,#0f1111)\">Sin conservadores; elaboraci\u00f3n artesanal; sin aditivos ni conservadores<\/span><\/li>\n<li class=\"a-spacing-mini\" data-mce-style=\"margin: 0px;\" style=\"margin: 0px\"><span class=\"a-list-item\" data-mce-style=\"color: var(--n4qdchev6mgo,#0f1111);\" style=\"color: var(--n4qdchev6mgo,#0f1111)\">Cocina mexicana; acompa\u00f1a tu comida favorita con nuestra receta familiar<\/span><\/li>\n<\/ul>\n<p class=\"MsoNormal\"><img fetchpriority=\"high\" decoding=\"async\" class=\"size-medium wp-image-1516 aligncenter\" src=\"https:\/\/universalmarket.shop\/wp-content\/uploads\/2024\/10\/Title-foto-1-271x300.jpg\" alt=\"Maridajes con Salsas Do\u00f1a Pura\" width=\"271\" height=\"300\" data-mce-src=\"https:\/\/universalmarket.shop\/wp-content\/uploads\/2024\/10\/Title-foto-1-271x300.jpg\" srcset=\"https:\/\/universalmarket.shop\/wp-content\/uploads\/2024\/10\/Title-foto-1-271x300.jpg 271w, https:\/\/universalmarket.shop\/wp-content\/uploads\/2024\/10\/Title-foto-1-280x310.jpg 280w, https:\/\/universalmarket.shop\/wp-content\/uploads\/2024\/10\/Title-foto-1.jpg 482w\" sizes=\"(max-width: 271px) 100vw, 271px\" \/><\/p>\n<div class=\"mceTemp\">\n<dl id=\"attachment_1516\" class=\"wp-caption aligncenter\" style=\"width: 271px\" data-mce-style=\"width: 271px;\">\n<dd class=\"wp-caption-dd\"><span style=\"font-size: 16px\" data-mce-style=\"font-size: 16px;\">Ideales para maridar carnes, aves, pescados y ensaladas.<\/span><\/dd>\n<\/dl>\n<\/div>\n<p>Selecciones de nuestros ricos sabores:<\/p>\n<ul>\n<li class=\"MsoNormal\">Mango Chutney con Jengibre<\/li>\n<li class=\"MsoNormal\">Mango Chutney con Jengibre y Habanero<\/li>\n<li class=\"MsoNormal\">Chizamora<\/li>\n<li class=\"MsoNormal\">Chimarindo<\/li>\n<li class=\"MsoNormal\">Suprema de Habanero<\/li>\n<li class=\"MsoNormal\">Macha<\/li>\n<li class=\"MsoNormal\">Aliolia<\/li>\n<li class=\"MsoNormal\">Ajo Negro<\/li>\n<li>Chimichurri<\/li>\n<\/ul>\n","protected":false},"excerpt":{"rendered":"<div class=\"mceTemp\">\n<dl id=\"attachment_1509\" class=\"wp-caption alignleft\" style=\"width: 300px\" data-mce-style=\"width: 300px;\">\n<dt class=\"wp-caption-dt\"><img decoding=\"async\" class=\"size-medium wp-image-1509\" src=\"https:\/\/universalmarket.shop\/wp-content\/uploads\/2024\/10\/Title-foto-2-300x229.jpg\" alt=\"Salsas Do\u00f1a Pura\" width=\"300\" height=\"229\" data-mce-src=\"https:\/\/universalmarket.shop\/wp-content\/uploads\/2024\/10\/Title-foto-2-300x229.jpg\" srcset=\"https:\/\/universalmarket.shop\/wp-content\/uploads\/2024\/10\/Title-foto-2-300x229.jpg 300w, https:\/\/universalmarket.shop\/wp-content\/uploads\/2024\/10\/Title-foto-2-280x213.jpg 280w, https:\/\/universalmarket.shop\/wp-content\/uploads\/2024\/10\/Title-foto-2.jpg 546w\" sizes=\"(max-width: 300px) 100vw, 300px\" \/><\/dt>\n<dd class=\"wp-caption-dd\">Salsas Do\u00f1a Pura<\/dd>\n<\/dl>\n<\/div>\n<p>Salsas Gourmet, 100% naturales, libres de conservadores, aditivos y colores artificiales, perfecta para carnes, mariscos, ensaladas y postres<\/p>\n","protected":false},"featured_media":1955,"comment_status":"open","ping_status":"closed","template":"","meta":{"om_disable_all_campaigns":false,"_monsterinsights_skip_tracking":false,"_monsterinsights_sitenote_active":false,"_monsterinsights_sitenote_note":"","_monsterinsights_sitenote_category":0,"_uf_show_specific_survey":0,"_uf_disable_surveys":false},"product_brand":[],"product_cat":[88,97],"product_tag":[],"class_list":{"0":"post-1507","1":"product","2":"type-product","3":"status-publish","4":"has-post-thumbnail","6":"product_cat-cocina-y-reposteria","7":"product_cat-salud","9":"first","10":"instock","11":"sale","12":"taxable","13":"shipping-taxable","14":"purchasable","15":"product-type-simple"},"aioseo_notices":[],"_links":{"self":[{"href":"https:\/\/universalmarket.shop\/index.php\/wp-json\/wp\/v2\/product\/1507","targetHints":{"allow":["GET"]}}],"collection":[{"href":"https:\/\/universalmarket.shop\/index.php\/wp-json\/wp\/v2\/product"}],"about":[{"href":"https:\/\/universalmarket.shop\/index.php\/wp-json\/wp\/v2\/types\/product"}],"replies":[{"embeddable":true,"href":"https:\/\/universalmarket.shop\/index.php\/wp-json\/wp\/v2\/comments?post=1507"}],"wp:featuredmedia":[{"embeddable":true,"href":"https:\/\/universalmarket.shop\/index.php\/wp-json\/wp\/v2\/media\/1955"}],"wp:attachment":[{"href":"https:\/\/universalmarket.shop\/index.php\/wp-json\/wp\/v2\/media?parent=1507"}],"wp:term":[{"taxonomy":"product_brand","embeddable":true,"href":"https:\/\/universalmarket.shop\/index.php\/wp-json\/wp\/v2\/product_brand?post=1507"},{"taxonomy":"product_cat","embeddable":true,"href":"https:\/\/universalmarket.shop\/index.php\/wp-json\/wp\/v2\/product_cat?post=1507"},{"taxonomy":"product_tag","embeddable":true,"href":"https:\/\/universalmarket.shop\/index.php\/wp-json\/wp\/v2\/product_tag?post=1507"}],"curies":[{"name":"wp","href":"https:\/\/api.w.org\/{rel}","templated":true}]}}